{"id":299,"date":"2024-05-17T03:26:44","date_gmt":"2024-05-17T03:26:44","guid":{"rendered":"https:\/\/dfmedicoesthetique.com\/?page_id=299"},"modified":"2026-02-18T19:47:18","modified_gmt":"2026-02-18T19:47:18","slug":"team","status":"publish","type":"page","link":"https:\/\/dfmedicoesthetique.com\/en\/team\/","title":{"rendered":"Our Team"},"content":{"rendered":"<div data-elementor-type=\"wp-page\" data-elementor-id=\"299\" class=\"elementor elementor-299\">\n\t\t\t\t\t\t\t\t\t<section class=\"elementor-section elementor-top-section elementor-element elementor-element-5f78eaee elementor-section-boxed elementor-section-height-default elementor-section-height-default\" data-id=\"5f78eaee\" data-element_type=\"section\" data-settings=\"{&quot;background_background&quot;:&quot;classic&quot;}\">\n\t\t\t\t\t\t\t<div class=\"elementor-background-overlay\"><\/div>\n\t\t\t\t\t\t\t<div class=\"elementor-container elementor-column-gap-no\">\n\t\t\t\t\t<div class=\"elementor-column elementor-col-100 elementor-top-column elementor-element elementor-element-373407b9\" data-id=\"373407b9\" data-element_type=\"column\">\n\t\t\t<div class=\"elementor-widget-wrap elementor-element-populated\">\n\t\t\t\t\t\t\t\t<div class=\"elementor-element elementor-element-118dea54 elementor-icon-list--layout-inline elementor-align-center elementor-list-item-link-full_width elementor-invisible elementor-widget elementor-widget-icon-list\" data-id=\"118dea54\" data-element_type=\"widget\" data-settings=\"{&quot;_animation&quot;:&quot;fadeInUp&quot;}\" data-widget_type=\"icon-list.default\">\n\t\t\t\t<div class=\"elementor-widget-container\">\n\t\t\t<link rel=\"stylesheet\" href=\"https:\/\/dfmedicoesthetique.com\/wp-content\/plugins\/elementor\/assets\/css\/widget-icon-list.min.css\">\t\t<ul class=\"elementor-icon-list-items elementor-inline-items\">\n\t\t\t\t\t\t\t<li class=\"elementor-icon-list-item elementor-inline-item\">\n\t\t\t\t\t\t\t\t\t\t\t<a href=\"\/en\/\">\n\n\t\t\t\t\t\t\t\t\t\t\t\t<span class=\"elementor-icon-list-icon\">\n\t\t\t\t\t\t\t<i aria-hidden=\"true\" class=\"fas fa-home\"><\/i>\t\t\t\t\t\t<\/span>\n\t\t\t\t\t\t\t\t\t\t<span class=\"elementor-icon-list-text\">Home<\/span>\n\t\t\t\t\t\t\t\t\t\t\t<\/a>\n\t\t\t\t\t\t\t\t\t<\/li>\n\t\t\t\t\t\t\t\t<li class=\"elementor-icon-list-item elementor-inline-item\">\n\t\t\t\t\t\t\t\t\t\t\t<span class=\"elementor-icon-list-icon\">\n\t\t\t\t\t\t\t<i aria-hidden=\"true\" class=\"fas fa-angle-right\"><\/i>\t\t\t\t\t\t<\/span>\n\t\t\t\t\t\t\t\t\t\t<span class=\"elementor-icon-list-text\"><\/span>\n\t\t\t\t\t\t\t\t\t<\/li>\n\t\t\t\t\t\t<\/ul>\n\t\t\t\t<\/div>\n\t\t\t\t<\/div>\n\t\t\t\t\t<\/div>\n\t\t<\/div>\n\t\t\t\t\t\t\t<\/div>\n\t\t<\/section>\n\t\t\t\t<section class=\"elementor-section elementor-top-section elementor-element elementor-element-3bf467dc elementor-section-boxed elementor-section-height-default elementor-section-height-default\" data-id=\"3bf467dc\" data-element_type=\"section\">\n\t\t\t\t\t\t\t<div class=\"elementor-background-overlay\"><\/div>\n\t\t\t\t\t\t\t<div class=\"elementor-container elementor-column-gap-no\">\n\t\t\t\t\t<div class=\"elementor-column elementor-col-50 elementor-top-column elementor-element elementor-element-6c304d8\" data-id=\"6c304d8\" data-element_type=\"column\">\n\t\t\t<div class=\"elementor-widget-wrap elementor-element-populated\">\n\t\t\t\t\t\t\t\t<div class=\"elementor-element elementor-element-2b8119e1 elementor-invisible elementor-widget elementor-widget-image\" data-id=\"2b8119e1\" data-element_type=\"widget\" data-settings=\"{&quot;_animation&quot;:&quot;fadeInUp&quot;}\" data-widget_type=\"image.default\">\n\t\t\t\t<div class=\"elementor-widget-container\">\n\t\t\t<style>\/*! elementor - v3.9.2 - 21-12-2022 *\/\n.elementor-widget-image{text-align:center}.elementor-widget-image a{display:inline-block}.elementor-widget-image a img[src$=\".svg\"]{width:48px}.elementor-widget-image img{vertical-align:middle;display:inline-block}<\/style>\t\t\t\t\t\t\t\t\t\t\t\t<img loading=\"lazy\" decoding=\"async\" width=\"512\" height=\"652\" src=\"https:\/\/dfmedicoesthetique.com\/wp-content\/uploads\/2024\/05\/photo-dina-1.jpg\" class=\"attachment-full size-full wp-image-422\" alt=\"\" srcset=\"https:\/\/dfmedicoesthetique.com\/wp-content\/uploads\/2024\/05\/photo-dina-1.jpg 512w, https:\/\/dfmedicoesthetique.com\/wp-content\/uploads\/2024\/05\/photo-dina-1-236x300.jpg 236w\" sizes=\"auto, (max-width: 512px) 100vw, 512px\">\t\t\t\t\t\t\t\t\t\t\t\t\t\t\t<\/div>\n\t\t\t\t<\/div>\n\t\t\t\t\t<\/div>\n\t\t<\/div>\n\t\t\t\t<div class=\"elementor-column elementor-col-50 elementor-top-column elementor-element elementor-element-48fb78c6 elementor-invisible\" data-id=\"48fb78c6\" data-element_type=\"column\" data-settings=\"{&quot;background_background&quot;:&quot;classic&quot;,&quot;animation&quot;:&quot;fadeInRight&quot;}\">\n\t\t\t<div class=\"elementor-widget-wrap elementor-element-populated\">\n\t\t\t\t\t\t\t\t<div class=\"elementor-element elementor-element-3b76ecad elementor-invisible elementor-widget elementor-widget-heading\" data-id=\"3b76ecad\" data-element_type=\"widget\" data-settings=\"{&quot;_animation&quot;:&quot;fadeInUp&quot;}\" data-widget_type=\"heading.default\">\n\t\t\t\t<div class=\"elementor-widget-container\">\n\t\t\t<style>\/*! elementor - v3.9.2 - 21-12-2022 *\/\n.elementor-heading-title{padding:0;margin:0;line-height:1}.elementor-widget-heading .elementor-heading-title[class*=elementor-size-]>a{color:inherit;font-size:inherit;line-height:inherit}.elementor-widget-heading .elementor-heading-title.elementor-size-small{font-size:15px}.elementor-widget-heading .elementor-heading-title.elementor-size-medium{font-size:19px}.elementor-widget-heading .elementor-heading-title.elementor-size-large{font-size:29px}.elementor-widget-heading .elementor-heading-title.elementor-size-xl{font-size:39px}.elementor-widget-heading .elementor-heading-title.elementor-size-xxl{font-size:59px}<\/style><h3 class=\"elementor-heading-title elementor-size-default\">Dr Dina Farag<\/h3>\t\t<\/div>\n\t\t\t\t<\/div>\n\t\t\t\t<div class=\"elementor-element elementor-element-2a5f2137 elementor-widget elementor-widget-heading\" data-id=\"2a5f2137\" data-element_type=\"widget\" data-widget_type=\"heading.default\">\n\t\t\t\t<div class=\"elementor-widget-container\">\n\t\t\t<div class=\"elementor-heading-title elementor-size-default\">Founder - General Practitioner - Aesthetic Physician<\/div>\t\t<\/div>\n\t\t\t\t<\/div>\n\t\t\t\t<div class=\"elementor-element elementor-element-7658095 elementor-widget elementor-widget-text-editor\" data-id=\"7658095\" data-element_type=\"widget\" data-widget_type=\"text-editor.default\">\n\t\t\t\t<div class=\"elementor-widget-container\">\n\t\t\t<style>\/*! elementor - v3.9.2 - 21-12-2022 *\/\n.elementor-widget-text-editor.elementor-drop-cap-view-stacked .elementor-drop-cap{background-color:#818a91;color:#fff}.elementor-widget-text-editor.elementor-drop-cap-view-framed .elementor-drop-cap{color:#818a91;border:3px solid;background-color:transparent}.elementor-widget-text-editor:not(.elementor-drop-cap-view-default) .elementor-drop-cap{margin-top:8px}.elementor-widget-text-editor:not(.elementor-drop-cap-view-default) .elementor-drop-cap-letter{width:1em;height:1em}.elementor-widget-text-editor .elementor-drop-cap{float:left;text-align:center;line-height:1;font-size:50px}.elementor-widget-text-editor .elementor-drop-cap-letter{display:inline-block}<\/style>\t\t\t\t<p>Dr Dina Farag, fondatrice de la DF M\u00e9dico-esth\u00e9tique, a poursuivi ses \u00e9tudes en m\u00e9decine familiale et a gradu\u00e9 de l\u2019Universit\u00e9 McGill en 2020. Elle pratique toujours en m\u00e9decine d\u2019urgence mineure et soins aux a\u00een\u00e9s.<\/p><p>Passionate about beauty, art, and longevity studies, Dr. Farag is impressed by the possibilities offered by aesthetic medicine. She has received specialized training in aesthetic medicine with a focus on injectables (neuromodulators and fillers) and has been practicing in this field for several years. To further enhance her skills, she continues to attend training sessions on the latest injection techniques and new products in order to offer the best treatments tailored to each patient.<\/p><p>Her policy is to offer natural results. Dr. Farag believes that each patient is unique and adopts a meticulous and caring approach to ensure that each individual benefits from personalized treatments. She uses the safest modalities, including ultrasound-guided injections, to prevent complications such as arterial occlusion.<\/p><p>Notre \u00e9quipe accueille les patientes et patients \u00e0 la DF M\u00e9dico-esth\u00e9tique de Laval pour des soins personnalis\u00e9s en m\u00e9decine esth\u00e9tique, dans un environnement professionnel et bienveillant.<\/p>\t\t\t\t\t\t<\/div>\n\t\t\t\t<\/div>\n\t\t\t\t\t<\/div>\n\t\t<\/div>\n\t\t\t\t\t\t\t<\/div>\n\t\t<\/section>\n\t\t\t\t\t\t\t<\/div>","protected":false},"excerpt":{"rendered":"<p>Accueil Dr Dina Farag Fondatrice &#8211; M\u00e9decin Omnipraticien &#8211; M\u00e9decin Esth\u00e9tique Dr Dina Farag, fondatrice de la Clinique DF M\u00e9dico-Esth\u00e9tique, a poursuivi ses \u00e9tudes en m\u00e9decine familiale et a gradu\u00e9 de l\u2019Universit\u00e9 McGill en 2020. Elle pratique toujours en m\u00e9decine d\u2019urgence mineure et soins aux a\u00een\u00e9s. Passionn\u00e9e par la beaut\u00e9, l&rsquo;art et les \u00e9tudes de [&hellip;]<\/p>","protected":false},"author":1,"featured_media":0,"parent":0,"menu_order":0,"comment_status":"closed","ping_status":"closed","template":"elementor_header_footer","meta":{"footnotes":""},"class_list":["post-299","page","type-page","status-publish","hentry"],"_links":{"self":[{"href":"https:\/\/dfmedicoesthetique.com\/en\/wp-json\/wp\/v2\/pages\/299","targetHints":{"allow":["GET"]}}],"collection":[{"href":"https:\/\/dfmedicoesthetique.com\/en\/wp-json\/wp\/v2\/pages"}],"about":[{"href":"https:\/\/dfmedicoesthetique.com\/en\/wp-json\/wp\/v2\/types\/page"}],"author":[{"embeddable":true,"href":"https:\/\/dfmedicoesthetique.com\/en\/wp-json\/wp\/v2\/users\/1"}],"replies":[{"embeddable":true,"href":"https:\/\/dfmedicoesthetique.com\/en\/wp-json\/wp\/v2\/comments?post=299"}],"version-history":[{"count":63,"href":"https:\/\/dfmedicoesthetique.com\/en\/wp-json\/wp\/v2\/pages\/299\/revisions"}],"predecessor-version":[{"id":978,"href":"https:\/\/dfmedicoesthetique.com\/en\/wp-json\/wp\/v2\/pages\/299\/revisions\/978"}],"wp:attachment":[{"href":"https:\/\/dfmedicoesthetique.com\/en\/wp-json\/wp\/v2\/media?parent=299"}],"curies":[{"name":"wp","href":"https:\/\/api.w.org\/{rel}","templated":true}]}}